


{"id":236,"date":"2019-06-07T10:49:23","date_gmt":"2019-06-07T15:49:23","guid":{"rendered":"https:\/\/web.whoi.edu\/all0118\/?page_id=236"},"modified":"2023-03-08T13:52:58","modified_gmt":"2023-03-08T18:52:58","slug":"publications","status":"publish","type":"page","link":"https:\/\/web.whoi.edu\/all0118\/publications\/","title":{"rendered":"Publications"},"content":{"rendered":"\n<h1>\n\t\tPublications\n\t<\/h1>\n\t\t\t\t<img loading=\"lazy\" src=\"https:\/\/web.whoi.edu\/all0118\/wp-content\/uploads\/sites\/129\/2019\/02\/tD0ADWsA-300x200.jpeg\" alt=\"Photo: Sindre Skrede\/NRK\" height=\"200\" width=\"300\" title=\"tD0ADWsA\" \/>\n\t\t\t\t\t\tPhoto: Sindre Skrede\/NRK\n\t\t\t\t<img loading=\"lazy\" src=\"https:\/\/web.whoi.edu\/all0118\/wp-content\/uploads\/sites\/129\/2019\/02\/Stills-36-1024x574.jpg\" alt=\"Photo: Amanda Kowalski \" height=\"574\" width=\"1024\" title=\"Stills-36\" \/>\n\t\t\t\t\t\tPhoto: Amanda Kowalski \n\t\t\t\t<img loading=\"lazy\" src=\"https:\/\/web.whoi.edu\/all0118\/wp-content\/uploads\/sites\/129\/2019\/02\/7XimuqaQ-300x200.jpeg\" alt=\"Photo: Sindre Skrede\/NRK\" height=\"200\" width=\"300\" title=\"7XimuqaQ\" \/>\n\t\t\t\t\t\tPhoto: Sindre Skrede\/NRK\n\t\n<p>H\u00e5vik, L., R.S. Pickart, K. V\u00e5ge, A. Beszczynska-Moller, W. Walczowski, and W.-J. von Appen, 2017. Evolution of the East Greenland Current from Fram Strait to Denmark Strait: Synoptic measurements from summer 2012. <em>Journal of Geophysical Research<\/em>, <strong>122<\/strong>, doi:10.1002\/2016JC012228.<\/p>\n<p>Pickart, R. S., M. A. Spall, D. J. Torres, K. V\u00e5ge, H. Valdimarsson, C. Nobre, G. W. K. Moore, S. Jonsson, and D. Mastropole, 2017.The North Icelandic Jet and its relationship to the North Icelandic Irminger Current. <em>Journal of Marine Research<\/em>, <strong>75<\/strong>, 605-639.<\/p>\n<p>H\u00e5vik, L., K. V\u00e5ge, R.S. Pickart, B. Harden, W.-J. von Appen, S. J\u00f3nsson, and S. \u00d8sterhus, 2017. Structure and variability of the shelfbreak East Greenland Current north of Denmark Strait. <em>Journal of Physical Oceanography<\/em>, <strong>122<\/strong>, doi:10.1002\/2016JC012228.<\/p>\n<p>Almansi, M., T.W.N. Haine, R.S. Pickart, M.G. Magaldi, R. Gelderloos, and D. Mastropole, 2017. Variability in the circulation and hydrography of Denmark Strait from a high-resolution numerical model. <em>Journal of Physical Oceanography<\/em>, <strong>47<\/strong>, 2999-3013. DOI: 10.1175\/JPO-D-17-0129.1.<\/p>\n<p>Behrens E., K. V\u00e5ge, B. Harden, A. Biastoch, and C.W. B\u00f6ning, 2017: Composition and variability of the Denmark Strait Overflow Water in a high-resolution numerical model hindcast simulation. Journal of Geophysical Research: Oceans, 122, 2830-2846, doi:10.1002\/2016JC012158<\/p>\n<p>Mastropole D., R.S. Pickart, H. Valdimarsson, K. V\u00e5ge, K. Jochumsen, and J. Girton, 2017: On the hydrography of Denmark Strait. Journal of Geophysical Research: Oceans, 122, 306-321, doi:10.1002\/2016JC012007<\/p>\n<p>de Steur L., R.S. Pickart, A. Macrander, K. V\u00e5ge, B. Harden, S. J\u00f3nsson, S. \u00d8sterhus, and H. Valdimarsson, 2017: Liquid freshwater transport estimates from the East Greenland Current based on continuous measurements north of Denmark Strait. Journal of Geophysical Research: Oceans, 122, 93-109, doi:10.1002\/2016JC012106<\/p>\n<p>&nbsp;<\/p>\n\n<p>Sergeev, D. E., I. A. Renfrew, T. Spengler 2018: Modification of Polar Low Development by Orography and Sea Ice, <em>Monthly Weather Review,<\/em> <strong>146,<\/strong> 3325- 3341. doi: 10.1175\/MWR-D-18-0086.1.<\/p>\n<p>V\u00e5ge, K., L. Papritz, L. H\u00e5vik, M. A. Spall, G. W. K. Moore, 2018: Ocean convection linked to the recent ice edge retreat along east Greenland. <em>Nature Communications<\/em>. doi:10.1038\/s41467-018-03468-6<\/p>\n<p>Zhao, J., J. Yang, S. Semper, R.S. Pickart, K. V\u00e5ge, H. Valdimarsson, and S. J\u00f3nsson, 2018. A numerical study of variability in the North Icelandic Irminger Current. <em>Journal of Geophysical Research<\/em>, <strong>123<\/strong>, 8994-9009. https:\/\/doi.org\/10.1029\/2018JC013800.<\/p>\n<p>Harden, B. E., R. S. Pickart, 2018. High-frequency variability in the North Icelandic Jet. <em>Journal of Marine Research<\/em>, <strong>76<\/strong>, 47-62.<\/p>\n<p>Katsman, C. A., S. S. Drijfhout, H. A. Dijkstra, and M. A. Spall, 2018: Sinking of dense North Atlantic waters in a global ocean model: locations and controls. <em>Journal of Geophysical Research<\/em>.<\/p>\n<p>Bringedal, C., T. Eldevik, \u00d8. Skagseth, and M. A. Spall, 2018: Structure and forcing of observed exchanges across the Greenland-Scotland Ridge.\u00a0 <em>Journal of Climate<\/em>, submitted.<\/p>\n<p>Lambert, E. T. Eldevik, and M. A. Spall, 2018: On the dynamics and water mass transformation of a boundary current connecting alpha- and beta-oceans. <em>Journal of Physical Oceanography<\/em>.<\/p>\n<p>Jensen, M. F., K. H. Nisancioglu, and M. A. Spall, 2018: Large changes in sea ice triggered by small changes in Atlantic water temperature. <em>Journal of Climate<\/em>, doi:10.1175\/JCLI-D-17-0802.1<\/p>\n<p>Waldman, R., N. Bruggemann, A. Bosse, F. Sevault, S. Somot, and M. A. Spall, 2018: Overturning the Mediterranean thermohaline circulation. <em>Geophysical Research Letters<\/em>.<\/p>\n<p>H\u00e5vik L. and K. V\u00e5ge, 2018: Wind-driven coastal upwelling and downwelling in the Shelfbreak East Greenland Current. Journal of Geophysical Research: Oceans, 123, 6106-6115, doi:10.1029\/2018JC014273<\/p>\n<p>Lauvset S.K., A. Brakstad, K. V\u00e5ge, A. Olsen, E. Jeansson, and K.A. Mork, 2018: Continued warming, salinification and oxygenation of the Greenland Sea gyre. Tellus A: Dynamic Meteorology and Oceanography, 70, 1-9, doi:10.1080\/16000870.2018.1476434<\/p>\n<p>&nbsp;<\/p>\n\n<p>Renfrew, I. A., A. D. Elvidge, J. Edwards 2019: Atmospheric sensitivity to marginal-ice-zone drag: local and global responses, <em>Quarterly J. Royal Meteorol. Soc., <\/em><strong>145, <\/strong>1165-1179. doi:10.1002\/qj.3486<\/p>\n<p>Renfrew, I.A., R.S. Pickart, and 56 co-authors, 2019. The Iceland-Greenland Seas Project. <em>Bulletin of the American Meteorological Society<\/em>, <strong>100<\/strong>, 1795-1817, doi\/abs\/10.1175\/BAMS-D-18-0217.1.<\/p>\n<p>Huang, J. R.S. Pickart, H. Valdimarsson, P. Lin, M.A. Spall, and F. Xu, 2019. Structure and Variability of the North Icelandic Jet from two years of mooring data. <em>Journal of Geophysical Research<\/em>, <strong>124<\/strong>, https:\/\/doi.org\/10.1029\/ 2019JC015134.<\/p>\n<p>Spall, M., R. S. Pickart, P. Lin, W.-J. von Appen, D. Mastrople, H. Valdimarsoon, T. W. N. Haine, and M. Almansi, 2019. Frontogenesis and variability in Denmark Strait and its influence on overflow water. <em>Journal of Physical Oceanography<\/em>, <strong>49<\/strong>, 1889-1904.<\/p>\n<p>Semper, S., K. V\u00e5ge, R.S. Pickart, H. Valdimarsson, D.J. Torres, and S. J\u00f3nsson, 2019. The emergence of the North Icelandic Jet and its evolution from northeast Iceland to Denmark Strait. <em>Journal of Physical Oceanography<\/em>, 2499-2521, <strong>40<\/strong>, DOI: 10.1175\/JPO-D-19-0088.1.<\/p>\n<p>Johnson, H. L., P. Cessi, D. P. Marshall, F. Schloesser, M. A. Spall, 2019: Recent contributions of theory to our understanding of the Atlantic Meridional Overturning Circulation. <em>Journal of Geophysical Research<\/em>, <strong>124<\/strong>, 5376-5399. doi:10.1029\/2019JC015330<\/p>\n<p>Brakstad, A., V\u00e5ge, K., H\u00e5vik, L., and Moore, G. W. K., 2019. Water Mass Transformation in the Greenland Sea during the Period 1986-2016, <em>Journal of Physical Oceanography<\/em>, <strong>49<\/strong>(1), 121-140.<\/p>\n<p>H\u00e5vik L., M. Almansi, K. V\u00e5ge, and T.W.N. Haine, 2019: Atlantic-origin Overflow Water in the East Greenland Current. Journal of Physical Oceanography, 49, 2255-2269 doi:10.1175\/JPO-D-18-0216.1<\/p>\n\n<p>Lin, P., R.S. Pickart, K. Jochumsen, M. Moritz, G.W.K. Moore, H. Valdimarsson, T. Fristedt, 2020. Kinematic Structure and Dynamics of the Denmark Strait Overflow from Ship-based Observations. <em>Journal of Physical Oceanography<\/em>, <strong>50<\/strong>, 3235-3251.<\/p>\n<p>Foukal, N.P., R. Gelderloos, and R.S. Pickart, 2020. A continuous pathway for fresh water along the East Greenland shelf. <em>Science Advances<\/em>, <strong>6<\/strong>(43), eabc4254, DOI:10.1126\/sciadv.abc4254.<\/p>\n\n<p>Huang, J., R. S. Pickart, R. X. Huang, P. Lin, A. Brakstad, and F. Xu, 2020. Sources and upstream pathways of the densest overflow in the Nordic Seas. <em>Nature Communications<\/em>, https:\/\/doi.org\/10.1038\/s41467-020-19050-y.<\/p>\n<p>Semper, S., R.S. Pickart, K. V\u00e5ge, K.M. Larsen, H. H\u00e1t\u00fan, and B. Hansen, 2020. The Iceland-Faroe Slope Jet: A conduit for dense water toward the Faroe Bank Channel overflow. <em>Nature Communications<\/em>, https:\/\/doi.org\/10.1038\/s41467-020-19049-5.<\/p>\n<p>Casanova-Masjoan, M, M.D P\u00e9rez-Hern\u00e1ndez, R.S. Pickart, H. Valdimarsson, A. Macrander, P. V\u00e9lez-Belch\u00ed, D. Grisol\u00eda-Santos, D. J. Torres, S. J\u00f3nsson, K. V\u00e5ge, A. Hern\u00e1ndez-Guerra, 2020. Alongstream, seasonal and interannual variability of the North Icelandic Irminger Current and East Icelandic Current around Iceland. <em>Journal of Geophysical Research<\/em>, <strong>125<\/strong>, e2020JC016283. https:\/\/doi.org\/10.1029\/2020JC016283<\/p>\n<p>Ypma, S. L., M. A. Spall, E. Lambert, S. Georgiou, J. D. Pietrzak and C. A. Katsman, 2020: The contrasting dynamics of the buoyancy-forced Lofoten and Greenland Basins.\u00a0 <em>Journal of Physical Oceanography<\/em>, <strong>50<\/strong>, 1227-1244. doi:10.1175\/JPO-D-19-0280.1<\/p>\n\n<p>Elvidge, A. D., Kuipers Munneke, P., King, J. C., Renfrew, I. A. and Gilbert, E. (2020). Atmospheric drivers of melt on Larsen C Ice Shelf: surface energy budget regimes and the impact of foehn. Journal of Geophysical Research: Atmospheres, 125 (17). <a href=\"https:\/\/doi.org\/10.1029\/2020JD032463\">https:\/\/doi.org\/10.1029\/2020JD032463<\/a>.<\/p>\n<p>Duscha, C., Bakhoday Paskyabi, M. and Reuder, J. (2020). Statistic and coherence response of ship-based lidar observations to motion compensation. <em>Journal of Physics: Conference Series, <\/em>1669, 012020, doi:10.1088\/1742-6596\/1669\/1\/012020<\/p>\n<p>&nbsp;<\/p>\n\n<p>Terpstra, A., I. A. Renfrew, D. E. Sergeev 2021: Characteristics of cold air outbreaks and associated polar mesoscale cyclogenesis over the North Atlantic region, <em>J. Climate<\/em>, doi:10.1175\/ JCLI-D-20-0595.1<\/p>\n<p>Renfrew, I.A., C.\u00a0 Barrell, A. D. Elvidge, J. K. Brooke, C. Duscha, J. C. King, J. Kristiansen, T. Lachlan Cope, G. W. K. Moore, R.S. Pickart, J. Reuder, I. Sandu, D. Sergeev, A. Terpstra, K. V\u00e5ge, A. Weiss 2021: An evaluation of surface meteorology and fluxes over the Iceland and Greenland Seas in ERA5 reanalysis: the impact of sea ice distribution, <em>Quarterly J. Royal Meteorol. Soc., <\/em><strong>147, <\/strong>691-712. doi:10.1002\/qj.3941<\/p>\n<p>Tsubouchi T., K. V\u00e5ge, B. Hansen, K.M.H. Larsen, S. \u00d8sterhus, C. Johnson, S. J\u00f3nsson, and H. Valdimarsson, 2021: Increased ocean heat transport into the Nordic Seas and Arctic Ocean over the period 1993-2016. Nature Climate Change, <strong>11<\/strong>, doi:10.1038\/s41558-020-00941-3<\/p>\n<p>Spensberger, C. and T. Spengler, 2021:\u00a0 Sensitivity of air-sea heat exchange in cold-air outbreaks to model resolution and sea-ice distribution. <em>Journal of Geophysical Research: Atmospheres<\/em>, <strong>126<\/strong>, e2020JD033610. https:\/\/doi.\u00a0 org\/10.1029\/2020JD033610<\/p>\n<p>Elvidge, A. D., I. A. Renfrew, I. M., Brooks, P. Srivastava, M. J. Yelland and J. Prytherch, 2021: Surface heat and moisture exchange in the marginal ice zone: Observations and a new parameterization scheme for weather and climate models, J. Geophysical Research: Atmospheres, <strong>126<\/strong>, doi:10.1029\/2021JD034827<\/p>\n<p>Wu, Y., D. P. Stevens, I. A. Renfrew, X. Zhai 2021: The response of the Nordic Seas to wintertime sea-ice retreat, J. Climate, <strong>34<\/strong>, 6041-6056. doi:10.1175\/JCLI-D-20-0932.1<\/p>\n\n\n\n<p>&nbsp;<\/p>\n\n<p>Opher, J.G., J.A. Brearley, S.R. Dye, R.S. Pickart, I.A. Renfrew, B.E. Harden, M.P. Meredith 2022: The annual salinity cycle of the Denmark Strait Overflow, J. Geophysical Research: Oceans, <strong>127<\/strong>, doi:10.1029\/2021JC018139<\/p>\n<p>Duscha, C., C. Barrell, I. A. Renfrew, I. M. Brooks, H. Sodemann and J. Reuder 2022: A ship-based characterization of coherent boundary-layer structures over the lifecycle of a marine cold-air outbreak, Boundary-Layer Meteorology, <strong>183<\/strong>, 355-380. doi:10.1007\/s10546-022-00692-y<\/p>\n<p>Moore, G.W.K., K. V\u00e5ge, I. A. Renfrew and R.S. Pickart 2022: Evolving air-sea interaction suggests re-organisation of water mass transformation in the Nordic and Barents Sea, Nature Communications,<strong>13<\/strong>, 67, doi:10.1038\/s41467-021-27641-6<\/p>\n<p>&nbsp;<\/p>\n\n<p>Renfrew, I. A., J. Huang, S. Semper, C. Barrell, A. Terpstra, R. S. Pickart, K. V\u00e5ge, A. D. Elvidge, T. Spengler, A.-M. Strehl, A. Weiss 2023: Coupled atmosphere-ocean observations of a cold air outbreak and its impact on the Iceland Sea, <em>Quarterly J. Royal Meteorological Society,<\/em> <strong>149,<\/strong> 472-493. doi:10.1002\/QJ.4418.<\/p>\n<p>Zhou, S., I.A. Renfrew and X. Zhai, 2023: The impact of stochastic mesoscale weather systems on the Atlantic Ocean, <em>J. Climate,<\/em> <strong>36, <\/strong>791-804, doi:10.1175\/JCLI-D-22-0044.1<\/p>\n<p>&nbsp;<\/p>\n\n<hr \/>\n\n\n\n<hr \/>\n<p>Barrell, C., I. A. Renfrew, J. C. King, S. Abel and A. D. Elvidge 2023: Projected changes to wintertime air-sea turbulent heat fluxes over the subpolar North Atlantic, <em>Earth&#8217;s Future,<\/em> submitted.<\/p>\n<p>&nbsp;<\/p>\n<p>&nbsp;<\/p>\n<p>&nbsp;<\/p>\n<p>&nbsp;<\/p>\n\t\t\t\t<img loading=\"lazy\" src=\"https:\/\/web.whoi.edu\/all0118\/wp-content\/uploads\/sites\/129\/2019\/06\/cropped-igp_logo_w_72dpi2-150x150.png\" alt=\"cropped-igp_logo_w_72dpi2\" height=\"150\" width=\"150\" title=\"cropped-igp_logo_w_72dpi2\" \/>\n\n","protected":false},"excerpt":{"rendered":"<p>Publications Photo: Sindre Skrede\/NRK Photo: Amanda Kowalski Photo: Sindre Skrede\/NRK H\u00e5vik, L., R.S. Pickart, K. V\u00e5ge, A. Beszczynska-Moller, W. Walczowski, and W.-J. von Appen, 2017. Evolution of the East Greenland Current from Fram Strait to Denmark Strait: Synoptic measurements from summer 2012. Journal of Geophysical Research, 122, doi:10.1002\/2016JC012228. Pickart, R. S., M. A. Spall, D.&hellip;<\/p>\n","protected":false},"author":187,"featured_media":0,"parent":0,"menu_order":0,"comment_status":"closed","ping_status":"closed","template":"","meta":[],"_links":{"self":[{"href":"https:\/\/web.whoi.edu\/all0118\/wp-json\/wp\/v2\/pages\/236"}],"collection":[{"href":"https:\/\/web.whoi.edu\/all0118\/wp-json\/wp\/v2\/pages"}],"about":[{"href":"https:\/\/web.whoi.edu\/all0118\/wp-json\/wp\/v2\/types\/page"}],"author":[{"embeddable":true,"href":"https:\/\/web.whoi.edu\/all0118\/wp-json\/wp\/v2\/users\/187"}],"replies":[{"embeddable":true,"href":"https:\/\/web.whoi.edu\/all0118\/wp-json\/wp\/v2\/comments?post=236"}],"version-history":[{"count":3,"href":"https:\/\/web.whoi.edu\/all0118\/wp-json\/wp\/v2\/pages\/236\/revisions"}],"predecessor-version":[{"id":387,"href":"https:\/\/web.whoi.edu\/all0118\/wp-json\/wp\/v2\/pages\/236\/revisions\/387"}],"wp:attachment":[{"href":"https:\/\/web.whoi.edu\/all0118\/wp-json\/wp\/v2\/media?parent=236"}],"curies":[{"name":"wp","href":"https:\/\/api.w.org\/{rel}","templated":true}]}}